{"id":22218,"date":"2020-03-25T15:06:08","date_gmt":"2020-03-25T13:06:08","guid":{"rendered":"https:\/\/www.kaspersky.es\/blog\/?page_id=22218"},"modified":"2022-05-05T17:53:06","modified_gmt":"2022-05-05T15:53:06","slug":"work-from-home-custom-page","status":"publish","type":"page","link":"https:\/\/www.kaspersky.es\/blog\/work-from-home-custom-page\/","title":{"rendered":"Lo que necesitas saber para trabajar desde casa de forma segura"},"content":{"rendered":"<p>Cuando todos tienen que teletrabajar, tus compa\u00f1eros y t\u00fa cog\u00e9is en parte el relevo del departamento de TI. Aprende c\u00f3mo mantenerte a salvo y que la empresa siga en movimiento. <\/p>\n","protected":false},"excerpt":{"rendered":"<p>Cuando todos tienen que teletrabajar, tus compa\u00f1eros y t\u00fa cog\u00e9is en parte el relevo del departamento de TI. Aprende c\u00f3mo mantenerte a salvo y que la empresa siga en movimiento.<\/p>\n","protected":false},"author":2706,"featured_media":22219,"parent":0,"menu_order":0,"comment_status":"closed","ping_status":"closed","template":"templates\/custom-page.php","meta":{"_acf_changed":false,"footnotes":""},"categories":[],"class_list":["post-22218","page","type-page","status-publish","has-post-thumbnail"],"hreflang":[{"hreflang":"es","url":"https:\/\/www.kaspersky.es\/blog\/work-from-home-custom-page\/"},{"hreflang":"ar","url":"https:\/\/me.kaspersky.com\/blog\/work-from-home-custom-page\/"},{"hreflang":"es-mx","url":"https:\/\/latam.kaspersky.com\/blog\/work-from-home-custom-page\/"},{"hreflang":"it","url":"https:\/\/www.kaspersky.it\/blog\/work-from-home-custom-page\/"},{"hreflang":"ru","url":"https:\/\/www.kaspersky.ru\/blog\/work-from-home-custom-page\/"},{"hreflang":"tr","url":"https:\/\/www.kaspersky.com.tr\/blog\/work-from-home-custom-page\/"},{"hreflang":"x-default","url":"https:\/\/www.kaspersky.com\/blog\/work-from-home-custom-page\/"},{"hreflang":"fr","url":"https:\/\/www.kaspersky.fr\/blog\/work-from-home-custom-page\/"},{"hreflang":"pt-br","url":"https:\/\/www.kaspersky.com.br\/blog\/work-from-home-custom-page\/"},{"hreflang":"de","url":"https:\/\/www.kaspersky.de\/blog\/work-from-home-custom-page\/"},{"hreflang":"ja","url":"https:\/\/blog.kaspersky.co.jp\/work-from-home-custom-page\/"}],"acf":[],"banners":"","is_landing":true,"_links":{"self":[{"href":"https:\/\/www.kaspersky.es\/blog\/wp-json\/wp\/v2\/pages\/22218","targetHints":{"allow":["GET"]}}],"collection":[{"href":"https:\/\/www.kaspersky.es\/blog\/wp-json\/wp\/v2\/pages"}],"about":[{"href":"https:\/\/www.kaspersky.es\/blog\/wp-json\/wp\/v2\/types\/page"}],"author":[{"embeddable":true,"href":"https:\/\/www.kaspersky.es\/blog\/wp-json\/wp\/v2\/users\/2706"}],"replies":[{"embeddable":true,"href":"https:\/\/www.kaspersky.es\/blog\/wp-json\/wp\/v2\/comments?post=22218"}],"version-history":[{"count":7,"href":"https:\/\/www.kaspersky.es\/blog\/wp-json\/wp\/v2\/pages\/22218\/revisions"}],"predecessor-version":[{"id":22677,"href":"https:\/\/www.kaspersky.es\/blog\/wp-json\/wp\/v2\/pages\/22218\/revisions\/22677"}],"wp:featuredmedia":[{"embeddable":true,"href":"https:\/\/www.kaspersky.es\/blog\/wp-json\/wp\/v2\/media\/22219"}],"wp:attachment":[{"href":"https:\/\/www.kaspersky.es\/blog\/wp-json\/wp\/v2\/media?parent=22218"}],"wp:term":[{"taxonomy":"category","embeddable":true,"href":"https:\/\/www.kaspersky.es\/blog\/wp-json\/wp\/v2\/categories?post=22218"}],"curies":[{"name":"wp","href":"https:\/\/api.w.org\/{rel}","templated":true}]}}