{"id":22846,"date":"2020-06-08T14:54:34","date_gmt":"2020-06-08T12:54:34","guid":{"rendered":"https:\/\/www.kaspersky.es\/blog\/?page_id=22846"},"modified":"2022-05-05T17:53:05","modified_gmt":"2022-05-05T15:53:05","slug":"love-and-loneliness","status":"publish","type":"page","link":"https:\/\/www.kaspersky.es\/blog\/love-and-loneliness\/","title":{"rendered":"Amor y soledad: \u00bfuna pandemia en crecimiento?"},"content":{"rendered":"<p>Confinamiento: hace cuatro meses la mayor\u00eda viv\u00edamos ajenos a esta palabra y la vida segu\u00eda su curso normal; sin embargo, ahora gran parte del mundo se encuentra en un confinamiento total o comienza poco a poco a salir de \u00e9l, como en Espa\u00f1a. Vale la pena comprobar c\u00f3mo ha afectado la pandemia a nuestra salud mental y el papel que ha jugado la tecnolog\u00eda para mantenernos conectados a todos.<\/p>\n<p>Preocupa cada vez m\u00e1s que, si el encierro persiste, aquellos que se encuentran entre cuatro paredes, con poca o ninguna interacci\u00f3n social con amigos y familiares, comiencen a sufrir. De hecho, una <a href=\"https:\/\/media.kasperskydaily.com\/wp-content\/uploads\/sites\/86\/2020\/06\/09142852\/KAS0739-Kaspersky-Find-your-tribe-report-v3.pdf\">nueva investigaci\u00f3n<\/a> de Kaspersky muestra que, en realidad, el problema de la soledad no ha surgido de la nada: <a href=\"https:\/\/media.kasperskydaily.com\/wp-content\/uploads\/sites\/86\/2020\/06\/09143433\/Kaspersky-Find-my-tribe-infographic_SP_def.pdf\" target=\"_blank\" rel=\"noopener noreferrer\">el 39 % de los espa\u00f1oles encuestados<\/a> admite que ya se sent\u00edan solos antes del confinamiento.<\/p>\n<p><img loading=\"lazy\" decoding=\"async\" class=\"aligncenter size-full wp-image-22868\" src=\"https:\/\/media.kasperskydaily.com\/wp-content\/uploads\/sites\/88\/2020\/06\/09173633\/infograf%C3%ADa.jpg\" alt=\"\" width=\"788\" height=\"854\"><\/p>\n<p>Otro dato sorprendente es que, a pesar de su talento natural para todo lo relacionado con la tecnolog\u00eda, la generaci\u00f3n Z ha sido la que peor lo ha llevado, de hecho, casi el 70 % de los encuestados ha admitido haberse sentido solo durante este confinamiento, en comparaci\u00f3n a un 41 % de la generaci\u00f3n de los <em>baby boomers<\/em>.<\/p>\n<p><a href=\"https:\/\/media.kasperskydaily.com\/wp-content\/uploads\/sites\/88\/2020\/06\/08145116\/love-and-loneliness-1.jpg\"><img loading=\"lazy\" decoding=\"async\" class=\"aligncenter size-full wp-image-22847\" src=\"https:\/\/media.kasperskydaily.com\/wp-content\/uploads\/sites\/88\/2020\/06\/08145116\/love-and-loneliness-1.jpg\" alt=\"Un preocupante crecimiento de la soledad\" width=\"1200\" height=\"630\"><\/a><\/p>\n<p>Entonces, \u00bfqu\u00e9 podemos hacer para ayudarnos a nosotros mismos y a nuestros seres queridos a mantenernos conectados? La tecnolog\u00eda sigue siendo clave; de \u200b\u200bhecho, tenemos la suerte de vivir en un momento en el que la tecnolog\u00eda de las comunicaciones es gratuita y accesible. Pero es m\u00e1s importante que nunca, ya que adoptamos r\u00e1pidamente estas tecnolog\u00edas que consideramos nuestra seguridad y las usamos de manera segura. Aqu\u00ed tienes algunos de nuestros consejos sobre <a href=\"https:\/\/www.kaspersky.es\/blog\/coronavirus-digital-survivor-guide\/22361\/\" target=\"_blank\" rel=\"noopener noreferrer\">c\u00f3mo garantizar tu protecci\u00f3n mientras est\u00e1s aislado<\/a> y <a href=\"https:\/\/www.kaspersky.es\/blog\/smartphone-physical-cleaning\/22250\/\" target=\"_blank\" rel=\"noopener noreferrer\">c\u00f3mo limpiar f\u00edsicamente tu dispositivo<\/a>.<\/p>\n<p>\u00a0<\/p>\n","protected":false},"excerpt":{"rendered":"<p>Confinamiento: hace cuatro meses la mayor\u00eda viv\u00edamos ajenos a esta palabra y la vida segu\u00eda su curso normal; sin embargo, ahora gran parte del mundo se encuentra en un confinamiento<\/p>\n","protected":false},"author":2706,"featured_media":22903,"parent":0,"menu_order":0,"comment_status":"closed","ping_status":"closed","template":"","meta":{"_acf_changed":false,"footnotes":""},"categories":[],"class_list":["post-22846","page","type-page","status-publish","has-post-thumbnail"],"hreflang":[{"hreflang":"es","url":"https:\/\/www.kaspersky.es\/blog\/love-and-loneliness\/"},{"hreflang":"en-gb","url":"https:\/\/www.kaspersky.co.uk\/blog\/love-and-loneliness\/"},{"hreflang":"it","url":"https:\/\/www.kaspersky.it\/blog\/love-and-loneliness\/"},{"hreflang":"fr","url":"https:\/\/www.kaspersky.fr\/blog\/love-and-loneliness\/"},{"hreflang":"de","url":"https:\/\/www.kaspersky.de\/blog\/love-and-loneliness\/"}],"acf":[],"banners":"","is_landing":true,"_links":{"self":[{"href":"https:\/\/www.kaspersky.es\/blog\/wp-json\/wp\/v2\/pages\/22846","targetHints":{"allow":["GET"]}}],"collection":[{"href":"https:\/\/www.kaspersky.es\/blog\/wp-json\/wp\/v2\/pages"}],"about":[{"href":"https:\/\/www.kaspersky.es\/blog\/wp-json\/wp\/v2\/types\/page"}],"author":[{"embeddable":true,"href":"https:\/\/www.kaspersky.es\/blog\/wp-json\/wp\/v2\/users\/2706"}],"replies":[{"embeddable":true,"href":"https:\/\/www.kaspersky.es\/blog\/wp-json\/wp\/v2\/comments?post=22846"}],"version-history":[{"count":10,"href":"https:\/\/www.kaspersky.es\/blog\/wp-json\/wp\/v2\/pages\/22846\/revisions"}],"predecessor-version":[{"id":22971,"href":"https:\/\/www.kaspersky.es\/blog\/wp-json\/wp\/v2\/pages\/22846\/revisions\/22971"}],"wp:featuredmedia":[{"embeddable":true,"href":"https:\/\/www.kaspersky.es\/blog\/wp-json\/wp\/v2\/media\/22903"}],"wp:attachment":[{"href":"https:\/\/www.kaspersky.es\/blog\/wp-json\/wp\/v2\/media?parent=22846"}],"wp:term":[{"taxonomy":"category","embeddable":true,"href":"https:\/\/www.kaspersky.es\/blog\/wp-json\/wp\/v2\/categories?post=22846"}],"curies":[{"name":"wp","href":"https:\/\/api.w.org\/{rel}","templated":true}]}}