{"id":28195,"date":"2022-12-20T21:26:36","date_gmt":"2022-12-20T19:26:36","guid":{"rendered":"https:\/\/www.kaspersky.es\/blog\/?page_id=28195"},"modified":"2022-12-20T21:26:36","modified_gmt":"2022-12-20T19:26:36","slug":"xmas-gifts-for-kids-2022","status":"publish","type":"page","link":"https:\/\/www.kaspersky.es\/blog\/xmas-gifts-for-kids-2022\/","title":{"rendered":"Qu\u00e9 regalar a tus hijos estas Navidades"},"content":{"rendered":"<style>.c-wysiwyg blockquote{background: rgb(0 153 129 \/ 10%);}.c-wysiwyg blockquote p{font-style:normal} .img-big { width: 100vw!important; max-width: 66.875rem!important; left: 53%!important; position: relative; transform: translateX(-50%); }.accent{color: #00a88e; margin: 0;font-size:1.5rem;font-weight: 900;}.c-wysiwyg .accented-list li:before {top:1.15rem}.c-wysiwyg .accented-list li{margin-bottom:1.25rem}.c-wysiwyg hr+*{margin-top:2.5rem}.c-wysiwyg hr{border-bottom: 2px solid #00a88e; width: 120px;margin: 1rem 0 -1.25rem 0;}blockquote h5 { color: #00a88e; font-style: initial; } span.accented-quote { display: block; font-size: 60px; font-family: sans-serif; line-height: 20px; margin-top: 30px; margin-left: -3px; }@media(min-width: 40.6875rem){.accent{font-size:2rem}.c-wysiwyg .accented-list li:before {top:1.75rem}.c-wysiwyg hr{border-bottom: 2px solid #00a88e; width: 160px;}}.c-wysiwyg ol>li:before{left: -1.85rem; top: -0.25em; font-size: 2.875rem;}.c-wysiwyg ol>li{padding-left: 1rem;}span.footnotes { position: relative; display: inline-block; border-bottom: 1.5px dashed #333; line-height: 1em;transition: 0.5s; background: transparent; cursor: pointer; } span.note { position: absolute;line-height: 1.6em; width: 300px; opacity: 0; visibility: hidden; left: 0; top: 15px; transform: translateX(-50%); transition: 0.3s; background: white; padding: 15px 20px; box-shadow: 0px 3px 7px #ababab; border-radius: 3px; cursor: initial; } span.footnotes:hover { background: #ffffd5; } span.footnotes:hover .note { z-index:999;opacity: 1; visibility: visible; }@media(max-width:480px){span.note {position: fixed;left: 5px; top: 50vh;transform: translatey(-50%); width: 100vw;}}.c-wysiwyg .illustration-list { margin-left: 0; display: grid; grid-column-gap: 5vw; grid-template-areas: \"a a\" \"b c\" \"d e\"; } @media (max-width: 640px) { .illustration-list { grid-template-areas:\"a\" \"b\" \"c\" \"d\" \"e\" }  } .c-wysiwyg .illustration-list li { margin-bottom: 2em; } .illustration-list li:before { display: none; } .illustration-list span.accent { font-size: 1em; } .illustration-list img { width: 128px; }.desktop-banner {display:block!important} .mobile-banner{display:none!important} @media(max-width:768px){.desktop-banner {display: none!important} .mobile-banner{display: block!important}}h1.c-article__title:after { content: \"Author: Anna Larkina\"; display: block; font-size: 1rem; font-weight: 500; margin-top: 2em; } h1.c-article__title { position: relative; } h1.c-article__title:after { content: \"Anna Larkina\"; display: block; font-size: .8125rem; font-weight: 500; margin-top: 20px; padding-left: 44px; padding-top: 29px; border-top: 1px solid hsla(0,0%,39.2%,.15); padding-bottom: 7px; } h1.c-article__title:before { content: \"\"; display: block; height: 32px; width: 32px; background: url(https:\/\/media.kasperskydaily.com\/wp-content\/uploads\/sites\/90\/2022\/06\/01134218\/Anna-Larkina.png); background-size: 32px; background-repeat: no-repeat; border-radius: 50%; position: absolute; bottom: 0; }header.c-article__header { margin-bottom: 0; }<\/style>\n<p><img loading=\"lazy\" decoding=\"async\" class=\"img-big aligncenter size-full wp-image-44458 img-big\" src=\"https:\/\/media.kasperskydaily.com\/wp-content\/uploads\/sites\/88\/2022\/12\/20210834\/EN-xmas-gifts-4-kids-2022-featured.jpg\" alt=\"How to find out what your kids are interested in\" width=\"1460\" height=\"960\"><\/p>\n<p>Para descubrir cu\u00e1les son los regalos que m\u00e1s desean tus hijos estas Navidades, hemos analizado de forma an\u00f3nima las estad\u00edsticas de Kaspersky Safe Kids durante el periodo del 28 de agosto hasta el 28 de noviembre del 2022. Para ello, hemos utilizado el Top 1000 de b\u00fasquedas de YouTube como referencia, dado que es la aplicaci\u00f3n preferida de los ni\u00f1os.<\/p>\n<p>Hemos dividido sus b\u00fasquedas en las siguientes categor\u00edas:<\/p>\n<ul>\n<li>Juegos<\/li>\n<li>Blogueros y canales de YouTube<\/li>\n<li>M\u00fasica<\/li>\n<li>Pel\u00edculas, dibujos y series<\/li>\n<li>Otros<\/li>\n<\/ul>\n<p><a href=\"https:\/\/media.kasperskydaily.com\/wp-content\/uploads\/sites\/88\/2022\/12\/20211520\/xmas-gifts-for-kids-2022-1.png\"><img loading=\"lazy\" decoding=\"async\" src=\"https:\/\/media.kasperskydaily.com\/wp-content\/uploads\/sites\/88\/2022\/12\/20211520\/xmas-gifts-for-kids-2022-1.png\" alt=\"\" width=\"1434\" height=\"684\" class=\"img-big aligncenter size-full wp-image-28190\"><\/a><\/p>\n<p>Este oto\u00f1o, los v\u00eddeos de YouTube m\u00e1s buscados por los ni\u00f1os de todo el mundo se pueden dividir en 4 categor\u00edas importantes: \u201cJuegos\u201d, \u201cBlogueros y canales de YouTube\u201d, \u201cM\u00fasica\u201d, \u201cPel\u00edculas, dibujos y series\u201d. Tambi\u00e9n hemos agrupado las b\u00fasquedas menos frecuentes en la categor\u00eda \u201cOtros\u201d, donde entraremos en detalle m\u00e1s adelante. Si hablamos de porcentajes: los \u201cJuegos\u201d suelen ser el tema m\u00e1s popular entre los ni\u00f1os, representando un 26 % del Top 1000 de b\u00fasquedas de YouTube; los \u201cBlogueros y canales de YouTube\u201d, que incluyen a los YouTubers y sus canales de todo tipo de contenido (desaf\u00edos locos, v\u00eddeos de <em>unboxing<\/em>, rese\u00f1as de comida y blogs de <em>lifestyle<\/em>), representan el 19 % y, por su parte, las b\u00fasquedas relacionadas con artistas de m\u00fasica y v\u00eddeos se quedan con el 16 % de las b\u00fasquedas, compartiendo cifra con las pel\u00edculas, dibujos y series.<\/p>\n<h2>Blogueros y canales de YouTube<\/h2>\n<p>El YouTuber m\u00e1s popular entre los ni\u00f1os de todo el mundo teniendo en cuenta el n\u00famero de b\u00fasquedas es <a target=\"_blank\" rel=\"nofollow noopener\" href=\"https:\/\/www.youtube.com\/@MrBeast\">MrBeast<\/a>. Otros de los YouTubers m\u00e1s famosos son el americano <a target=\"_blank\" rel=\"nofollow noopener\" href=\"https:\/\/www.youtube.com\/@SSSniperWolf\">SSSniperWolf<\/a>, el bielorruso Vlad Bumaga con su canal <a target=\"_blank\" rel=\"nofollow noopener\" href=\"https:\/\/www.youtube.com\/@A4a4a4a4\">A4<\/a>, famoso entre los ni\u00f1os de habla rusa, y el brasile\u00f1o <a target=\"_blank\" rel=\"nofollow noopener\" href=\"https:\/\/www.youtube.com\/channel\/UC2bYhAHyaqfWlPXWBVk4BcA\">Enaldinho<\/a>.<\/p>\n<h2>Juegos<\/h2>\n<p>Entre las b\u00fasquedas relacionadas con los juegos, la gran mayor\u00eda hacen referencia a nombres de canales de <em>gamers<\/em> famosos en YouTube, con un 60,46 % de todas las b\u00fasquedas relacionadas con los videojuegos. Este oto\u00f1o, los <em>influencers<\/em> m\u00e1s populares del mundo <em>gaming<\/em> han sido <a target=\"_blank\" rel=\"nofollow noopener\" href=\"https:\/\/www.youtube.com\/@CoryxKenshin\">CoryxKenshin<\/a> y <a target=\"_blank\" rel=\"nofollow noopener\" href=\"https:\/\/www.youtube.com\/@Aphmau\">Aphmau<\/a> en ingl\u00e9s, <a target=\"_blank\" rel=\"nofollow noopener\" href=\"https:\/\/www.youtube.com\/@iCrimax\">iCrimax<\/a> en alem\u00e1n, <a target=\"_blank\" rel=\"nofollow noopener\" href=\"https:\/\/www.youtube.com\/@TheFuriousJumper\">Furious Jumper<\/a> en franc\u00e9s y <a target=\"_blank\" rel=\"nofollow noopener\" href=\"https:\/\/www.youtube.com\/@RomanCompot\">Compot<\/a> en ruso. Casi todos los canales de la lista reproducen Let\u2019s Plays (LPs) de dos de los juegos m\u00e1s populares entre los ni\u00f1os: <em>Minecraft<\/em> y <em>Roblox<\/em>. De sus v\u00eddeos tambi\u00e9n puedes sacar qu\u00e9 otros juegos, adem\u00e1s de esos dos, est\u00e1n de moda entre los ni\u00f1os. Estos <em>vlogueros<\/em> famosos suelen grabar LPs y hacen rese\u00f1as de \u201clo que se viene\u201d, como es el caso de <em>Five Nights at Freddy\u2019s<\/em> y <em>Poppy Playtime<\/em>.<\/p>\n<p><a href=\"https:\/\/media.kasperskydaily.com\/wp-content\/uploads\/sites\/88\/2022\/12\/20211531\/xmas-gifts-for-kids-2022-2.png\"><img loading=\"lazy\" decoding=\"async\" src=\"https:\/\/media.kasperskydaily.com\/wp-content\/uploads\/sites\/88\/2022\/12\/20211531\/xmas-gifts-for-kids-2022-2.png\" alt=\"\" width=\"1434\" height=\"874\" class=\"img-big aligncenter size-full wp-image-28191\"><\/a><\/p>\n<p>Adem\u00e1s de los <em>influencers<\/em> de <em>gaming<\/em>, hemos recopilado una lista con los juegos m\u00e1s buscados, encabezada por los ya mencionados <em>Minecraft<\/em> y <em>Roblox<\/em> con un 6,59 % y 6,23%, respectivamente. Por ejemplo, noviembre del 2022 vio el lanzamiento de 3 series de juegos diferentes y nuestras estad\u00edsticas han registrado el impacto en los ni\u00f1os. En primer lugar, una nueva entrega de la serie de juegos de Pok\u00e9mon, <em>Pok\u00e9mon Escarlata<\/em> y <em>Pok\u00e9mon P\u00farpura<\/em>, se lanzaron el 18 de noviembre, lo que hizo que las b\u00fasquedas relacionadas con Pok\u00e9mon representaran un 0,92 % del total. En segundo lugar, <em>God of War Ragnar\u00f6k <\/em>apareci\u00f3 el 9 de noviembre, con un 0,80 % y, por \u00faltimo, el 22 de noviembre la franquicia <em>Just Dance<\/em> lanz\u00f3 <em>Just Dance 2023 Edition<\/em>, consiguiendo un 0,75 % sobre el total de las b\u00fasquedas.<\/p>\n<p><a href=\"https:\/\/media.kasperskydaily.com\/wp-content\/uploads\/sites\/88\/2022\/12\/20210811\/xmas-gifts-for-kids-2022-3.jpg\"><img loading=\"lazy\" decoding=\"async\" src=\"https:\/\/media.kasperskydaily.com\/wp-content\/uploads\/sites\/88\/2022\/12\/20210811\/xmas-gifts-for-kids-2022-3.jpg\" alt=\"\" width=\"1920\" height=\"1080\" class=\"img-big aligncenter size-full wp-image-28187\"><\/a><\/p>\n<h2>Pel\u00edculas, dibujos y series<\/h2>\n<p>Las pel\u00edculas, dibujos y series son una de las principales formas de ocio no solo para los ni\u00f1os, sino tambi\u00e9n para los adultos. La mitad de todas las b\u00fasquedas de YouTube de los ni\u00f1os (el 50,48 %) dentro de esta categor\u00eda fueron sobre dibujos. Adem\u00e1s del tradicional inter\u00e9s por <em>My Story Animated<\/em>, este oto\u00f1o los ni\u00f1os han estado enganchados a las series de Netflix <em>Ultrasecretos<\/em> y <em>My Little Pony<\/em> (todo un \u00e9xito atemporal), <em>Zootopia+<\/em>, un <em>spin-off<\/em> de la pel\u00edcula <em>Zootopia<\/em>, lanzada por Disney+ el 9 de noviembre y la quinta temporada de <em>Miraculous: Las aventuras de Ladybug y Cat Noir<\/em>, de la que todav\u00eda no se han publicado todos los episodios.<\/p>\n<p><a href=\"https:\/\/media.kasperskydaily.com\/wp-content\/uploads\/sites\/88\/2022\/12\/20211541\/xmas-gifts-for-kids-2022-4.png\"><img loading=\"lazy\" decoding=\"async\" src=\"https:\/\/media.kasperskydaily.com\/wp-content\/uploads\/sites\/88\/2022\/12\/20211541\/xmas-gifts-for-kids-2022-4.png\" alt=\"\" width=\"1434\" height=\"349\" class=\"img-big aligncenter size-full wp-image-28192\"><\/a><\/p>\n<p>Entre las series, <em>Mi\u00e9rcoles<\/em> de Netflix, estrenada el 23 de noviembre, ha tenido tanto \u00e9xito que podr\u00edamos decir que las redes sociales han enloquecido. De hecho, los <em>vlogueros<\/em> no han parado de subir v\u00eddeos dedicados al maquillaje y vestuario de la protagonista, Mi\u00e9rcoles, y sobre el baile del cuarto episodio que se hizo tan viral.<\/p>\n<p><a href=\"https:\/\/media.kasperskydaily.com\/wp-content\/uploads\/sites\/88\/2022\/12\/20210811\/xmas-gifts-for-kids-2022-5.jpg\"><img loading=\"lazy\" decoding=\"async\" src=\"https:\/\/media.kasperskydaily.com\/wp-content\/uploads\/sites\/88\/2022\/12\/20210811\/xmas-gifts-for-kids-2022-5.jpg\" alt=\"\" width=\"1884\" height=\"778\" class=\"img-big aligncenter size-full wp-image-28186\"><\/a><\/p>\n<p>Otra de las pel\u00edculas m\u00e1s populares de este oto\u00f1o es <em>Enola Holmes 2<\/em>, protagonizada por Millie Bobby Brown y lanzada este pasado octubre tambi\u00e9n en Netflix. A juzgar por las solicitudes de b\u00fasqueda, los ni\u00f1os tambi\u00e9n buscan pr\u00f3ximos estrenos, como <em>Rock Dog 3: Battle the Beat<\/em> que se estrena el 24 de enero del 2023, y <em>Super Mario Bros. La Pel\u00edcula<\/em>, el 7 de abril del 2023.<\/p>\n<p>Entre el anime, adem\u00e1s del atemporal <em>Naruto<\/em>, destaca el inter\u00e9s de los ni\u00f1os por la serie <em>Chainsaw Man lanzada recientemente en <\/em>Crunchyroll.<\/p>\n<h2>M\u00fasica<\/h2>\n<p><a href=\"https:\/\/media.kasperskydaily.com\/wp-content\/uploads\/sites\/88\/2022\/12\/20211550\/xmas-gifts-for-kids-2022-6.png\"><img loading=\"lazy\" decoding=\"async\" src=\"https:\/\/media.kasperskydaily.com\/wp-content\/uploads\/sites\/88\/2022\/12\/20211550\/xmas-gifts-for-kids-2022-6.png\" alt=\"\" width=\"1434\" height=\"675\" class=\"img-big aligncenter size-full wp-image-28193\"><\/a><\/p>\n<p>En los \u00faltimos a\u00f1os, el K-pop ha sido el g\u00e9nero estrella entre los ni\u00f1os. Despu\u00e9s de que BTS anunciara un par\u00f3n en su carrera debido al servicio militar, la <em>boy band<\/em> Stray Kids ha irrumpido en el panorama musical. Tienen hasta el 2025 para asentarse, justo cuando BTS ha prometido volver. Por otro lado, BLACKPINK sigue siendo uno de los grupos de K-pop m\u00e1s buscados en YouTube, coloc\u00e1ndose sus nuevos videoclips \u201cPink Venom\u201d y \u201cShut Down\u201d entre los m\u00e1s buscados por los ni\u00f1os. Adem\u00e1s del K-pop, los artistas en ingl\u00e9s tambi\u00e9n tienen una presencia importante entre las b\u00fasquedas. Por ejemplo, una de las canciones m\u00e1s populares de este oto\u00f1o fue \u201cUnholy\u201d del brit\u00e1nico Sam Smith y la cantante alemana Kim Petras. Se encuentran muchas versiones de esta canci\u00f3n en YouTube, incluida una en Nightcore.<\/p>\n<p><a href=\"https:\/\/media.kasperskydaily.com\/wp-content\/uploads\/sites\/88\/2022\/12\/20210834\/xmas-gifts-for-kids-2022-7.jpg\"><img loading=\"lazy\" decoding=\"async\" src=\"https:\/\/media.kasperskydaily.com\/wp-content\/uploads\/sites\/88\/2022\/12\/20210834\/xmas-gifts-for-kids-2022-7.jpg\" alt=\"\" width=\"1420\" height=\"862\" class=\"img-big aligncenter size-full wp-image-28189\"><\/a><\/p>\n<p>Otro g\u00e9nero musical que gana popularidad entre los ni\u00f1os es el Phonk, que buscan casi tanto como el K-pop. A juzgar por el n\u00famero de b\u00fasquedas en YouTube este oto\u00f1o, el artista de rap m\u00e1s popular ha sido Bad Bunny.<\/p>\n<h2>Otros<\/h2>\n<p><a href=\"https:\/\/media.kasperskydaily.com\/wp-content\/uploads\/sites\/88\/2022\/12\/20211557\/xmas-gifts-for-kids-2022-8.png\"><img loading=\"lazy\" decoding=\"async\" src=\"https:\/\/media.kasperskydaily.com\/wp-content\/uploads\/sites\/88\/2022\/12\/20211557\/xmas-gifts-for-kids-2022-8.png\" alt=\"\" width=\"1434\" height=\"846\" class=\"img-big aligncenter size-full wp-image-28194\"><\/a><\/p>\n<p>En la categor\u00eda \u201cOtros\u201d hemos agrupado las tendencias menos representativas, pero que vale la pena mencionar.<\/p>\n<p>Dado que <em>Gacha Life<\/em> ya ha aparecido en otros de nuestros informes anteriores, esta vez lo pasaremos por alto a favor de otros temas populares.<\/p>\n<p>Por ejemplo, en la categor\u00eda \u201cMemes\u201d, el canal de YouTube <a target=\"_blank\" rel=\"nofollow noopener\" href=\"https:\/\/www.youtube.com\/@Beluga1\/featured\">Beluga<\/a> le ha dado al meme del gato una segunda vida. Y la popularidad de Dr. Livesey de la pel\u00edcula animada sovi\u00e9tica <em>La isla del tesoro<\/em> (1988), basada en la novela del mismo nombre, ha ido mucho m\u00e1s all\u00e1 del sector de internet de habla rusa. Tambi\u00e9n regresaron por demanda popular las Countryball.<\/p>\n<p>Entre las b\u00fasquedas m\u00e1s realizadas este oto\u00f1o se encuentran las siguientes: \u201cefecto sonido risa de payaso\u201d y \u201cel sonido m\u00e1s fuerte del mundo\u201d.<\/p>\n<p>Evidentemente, la Copa Mundial de la FIFA Catar 2022\u2122 tambi\u00e9n ha sido un tema importante, recopilando casi todas las consultas relacionadas con el tema \u201cDeporte\u201d.<\/p>\n<p>En cuanto a los juguetes, la gran mayor\u00eda de las b\u00fasquedas de este oto\u00f1o han sido sobre LEGO, en concreto, la serie Ninjago, despu\u00e9s del lanzamiento en el 2022 de la d\u00e9cimo quinta y \u00faltima temporada de la serie animada <em>Ninjago<\/em>, subtitulada\u00a0<em>Cristalizado<\/em>. Para celebrarlo, en agosto del 2022, se lanzaron nuevos sets de LEGO Ninjago Cristalizado.<\/p>\n<p>Harry Potter y los dem\u00e1s productos relacionados con Hogwarts siguen gozando de popularidad entre los ni\u00f1os de todo el mundo. Parece haber un sinf\u00edn de juguetes sobre esta tem\u00e1tica: LEGO, <em>merchandising<\/em> y art\u00edculos de papeler\u00eda en todos los mercados, por lo que los padres de los amantes del universo Potter no tendr\u00e1n problemas a la hora de encontrar el regalo perfecto estas Navidades. En cuanto a los intereses de otros ni\u00f1os que hemos destacado en esta publicaci\u00f3n, a continuaci\u00f3n, te damos una cuantas ideas de regalos.<\/p>\n<h2>\u00bfQu\u00e9 regalar?<\/h2>\n<p>Si tu hijo ha mostrado inter\u00e9s por alguno de los juegos lanzados en noviembre: <em>God of War Ragnar\u00f6k<\/em>, <em>Just Dance 2023<\/em> o <em>Pok\u00e9mon Escarlata y P\u00farpura<\/em>, podr\u00edas compr\u00e1rselos. No te olvides de una consola, si todav\u00eda no ten\u00e9is una. Una Nintendo Switch podr\u00eda ser un buen regalo, ya que con ella podr\u00e1 jugar al <em>Pok\u00e9mon<\/em> y al <em>Just Dance<\/em>, adem\u00e1s de al <em>New Super Mario Bros. U Deluxe,<\/em> juego en el que se basa la pel\u00edcula tan esperada.<\/p>\n<p>Si todav\u00eda no est\u00e1s suscrito a ninguna de las plataformas de <em>streaming<\/em> m\u00e1s populares como Netflix o Disney+, seguro que no te equivocas haci\u00e9ndote con una. Como ya hemos visto, estas son las plataformas con las pel\u00edculas, dibujos y series preferidas de los ni\u00f1os y adolescentes. Recuerda que las series de hoy en d\u00eda no son solo de entretenimiento, sino que tambi\u00e9n forman parte de la cultura moderna; el estilo y la imagen de las estrellas de las series m\u00e1s ic\u00f3nicas inspiran tanto a los ni\u00f1os como a los adultos de todo el mundo. Por ejemplo, a una chica adolescente amante de la serie <em>Mi\u00e9rcoles<\/em>, le puedes comprar unas botas Dr Martens Jadon o una bufunda tubular; y, si es fan de Millie Bobby Brown, la estrella de <em>Stranger Things<\/em> y <em>Enola Holmes<\/em>, el regalo puede ser a\u00fan m\u00e1s simple: un pack de maquillaje de su propia marca, <em>florence by mills<\/em>, ser\u00e1 todo un \u00e9xito.<\/p>\n<p>Para los m\u00e1s amantes de la m\u00fasica, un buen regalo podr\u00eda ser Logic X Pro o un software similar para la creaci\u00f3n de canciones, por no hablar de un teclado MIDI; ya que se debe fomentar cualquier impulso creativo, aunque se decanten por el g\u00e9nero Phonk.<\/p>\n<input type=\"hidden\" class=\"category_for_banner\" value=\"premium-family\">\n","protected":false},"excerpt":{"rendered":"<p>Para descubrir cu\u00e1les son los regalos que m\u00e1s desean tus hijos estas Navidades, hemos analizado de forma an\u00f3nima las estad\u00edsticas de Kaspersky Safe Kids durante el periodo del 28 de<\/p>\n","protected":false},"author":2706,"featured_media":28188,"parent":0,"menu_order":0,"comment_status":"closed","ping_status":"closed","template":"","meta":{"_acf_changed":false,"footnotes":""},"categories":[],"class_list":["post-28195","page","type-page","status-publish","has-post-thumbnail"],"hreflang":[{"hreflang":"es","url":"https:\/\/www.kaspersky.es\/blog\/xmas-gifts-for-kids-2022\/"},{"hreflang":"es-mx","url":"https:\/\/latam.kaspersky.com\/blog\/xmas-gifts-for-kids-2022\/"},{"hreflang":"x-default","url":"https:\/\/www.kaspersky.com\/blog\/xmas-gifts-for-kids-2022\/"}],"acf":[],"banners":"","is_landing":true,"_links":{"self":[{"href":"https:\/\/www.kaspersky.es\/blog\/wp-json\/wp\/v2\/pages\/28195","targetHints":{"allow":["GET"]}}],"collection":[{"href":"https:\/\/www.kaspersky.es\/blog\/wp-json\/wp\/v2\/pages"}],"about":[{"href":"https:\/\/www.kaspersky.es\/blog\/wp-json\/wp\/v2\/types\/page"}],"author":[{"embeddable":true,"href":"https:\/\/www.kaspersky.es\/blog\/wp-json\/wp\/v2\/users\/2706"}],"replies":[{"embeddable":true,"href":"https:\/\/www.kaspersky.es\/blog\/wp-json\/wp\/v2\/comments?post=28195"}],"version-history":[{"count":3,"href":"https:\/\/www.kaspersky.es\/blog\/wp-json\/wp\/v2\/pages\/28195\/revisions"}],"predecessor-version":[{"id":28199,"href":"https:\/\/www.kaspersky.es\/blog\/wp-json\/wp\/v2\/pages\/28195\/revisions\/28199"}],"wp:featuredmedia":[{"embeddable":true,"href":"https:\/\/www.kaspersky.es\/blog\/wp-json\/wp\/v2\/media\/28188"}],"wp:attachment":[{"href":"https:\/\/www.kaspersky.es\/blog\/wp-json\/wp\/v2\/media?parent=28195"}],"wp:term":[{"taxonomy":"category","embeddable":true,"href":"https:\/\/www.kaspersky.es\/blog\/wp-json\/wp\/v2\/categories?post=28195"}],"curies":[{"name":"wp","href":"https:\/\/api.w.org\/{rel}","templated":true}]}}