{"id":29669,"date":"2024-02-22T23:45:21","date_gmt":"2024-02-22T21:45:21","guid":{"rendered":"https:\/\/www.kaspersky.es\/blog\/?page_id=29669"},"modified":"2025-10-10T13:24:31","modified_gmt":"2025-10-10T11:24:31","slug":"cybersecurity-alphabet","status":"publish","type":"page","link":"https:\/\/www.kaspersky.es\/blog\/cybersecurity-alphabet\/","title":{"rendered":"Abecedario de ciberseguridad"},"content":{"rendered":"<link rel=\"stylesheet\" href=\"https:\/\/media.kasperskydaily.com\/wp-content\/uploads\/sites\/88\/2025\/10\/10131208\/cybersecurity-alphabet-styles.css\">\n<div class=\"container loading\">\n<h1>Abecedario de ciberseguridad<\/h1>\n<div class=\"c-article__intro\">\n<p>Este abecedario de ciberseguridad es un libro divertido e informativo que ense\u00f1a a los ni\u00f1os a reconocer los trucos de los estafadores y aprender la importancia de mantenerse seguros en Internet.<\/p>\n<\/div>\n<p><img decoding=\"async\" class=\"featured-image\" src=\"https:\/\/media.kasperskydaily.com\/wp-content\/uploads\/sites\/88\/2024\/02\/22232506\/ES-cybersecurity-alphabet-featured.jpg\"><\/p>\n<div class=\"intro\">\n<p>Querido amigo,<\/p>\n<p>Tienes en tus manos el abecedario de ciberseguridad de Kaspersky. \u00bfHab\u00edas escuchado alguna vez el t\u00e9rmino \u201cciberseguridad\u201d? La ciberseguridad nos ayuda a utilizar las tecnolog\u00edas m\u00e1s modernas de forma segura, ya sea un smartphone o un ordenador, y a explorar el mundo online sin tener que preocuparnos por posibles amenazas. <\/p>\n<p>El mundo digital es enorme. Hoy en d\u00eda, puedes hacer muchas cosas por Internet, como viajar sin salir de casa o estudiar otros idiomas hablando con gente que vive en otros pa\u00edses. Adem\u00e1s, puedes jugar online, tanto con tus compa\u00f1eros de clase como con tus amigos, \u00a1incluso con los que est\u00e1n lejos!<\/p>\n<p>Sin embargo, adem\u00e1s de estas infinitas oportunidades, y como sucede en la vida real, Internet tambi\u00e9n alberga algunos peligros. Por eso debes estar siempre alerta. Los descuidos en la red y el incumplimiento de ciertas normas pueden acarrear graves consecuencias como infectar tu tablet o smartphone con \u201cmalware\u201d, exponiendo informaci\u00f3n importante a los ciberdelincuentes. Tambi\u00e9n pueden robarte los logros y progresos que hayas conseguido en tu juego online favorito. <\/p>\n<p>En este libro, conocer\u00e1s las nuevas tecnolog\u00edas, aprender\u00e1s las principales normas para hacer un uso seguro de Internet, descubrir\u00e1s c\u00f3mo evitar las amenazas online y reconocer\u00e1s los trucos de los estafadores. Para que tu viaje por Internet sea emocionante y est\u00e9 libre de malas experiencias, estudia este libro de la A a la Z.<\/p>\n<div class=\"intro_buttons\">\n<a class=\"intro_button intro_button__poster\" href=\"https:\/\/media.kasperskydaily.com\/wp-content\/uploads\/sites\/88\/2024\/02\/22234858\/Abecedario-de-Ciberseguridad-de-Kaspersky-para-ninos.pdf?1&amp;reseller=gl_cyberalphabet_sp_ona_smm__onl_b2c_blo_lnk_______&amp;utm_source=CyberAlphabet&amp;utm_medium=sm-project&amp;utm_campaign=gl_CyberAlphabet_ma0250&amp;utm_content=link&amp;utm_term=gl_CyberAlphabet_organic_tddv6gefgkj250u\" target=\"_blank\" title=\"Download Cybersecurity Alphabet Book\" rel=\"noopener\"><img decoding=\"async\" src=\"https:\/\/media.kasperskydaily.com\/wp-content\/uploads\/sites\/92\/2024\/01\/07171005\/cybersecurity-alphabet-book-download.jpg\"> Abecedario de ciberseguridad \u2014 Libro <\/a>\n    <\/div>\n<\/div>\n<div class=\"grid\"><\/div>\n<\/div>\n<div class=\"modal\" data-index=\"%index\">\n<div class=\"modal-container\">\n<div class=\"modal-content\">\n<div class=\"modal-image\">\n        <img decoding=\"async\" src=\"\" alt=\"\">\n      <\/div>\n<div class=\"modal-text\">\n<div class=\"modal-text-container\">\n<h2 class=\"modal-heading\"><\/h2>\n<div class=\"modal-description\"><\/div>\n<div class=\"modal-tips\"><\/div>\n<\/div>\n<\/div>\n<\/div>\n<\/div>\n<\/div>\n<p><script async=\"\" defer src=\"https:\/\/media.kasperskydaily.com\/wp-content\/uploads\/sites\/88\/2025\/10\/10131752\/cybersecurity-alphabet-terms-es.js\"><\/script><br>\n<script async=\"\" defer src=\"https:\/\/media.kasperskydaily.com\/wp-content\/uploads\/sites\/88\/2025\/10\/10131211\/cybersecurity-alphabet-script.js\"><\/script><\/p>\n","protected":false},"excerpt":{"rendered":"<p>Abecedario de ciberseguridad Este abecedario de ciberseguridad es un libro divertido e informativo que ense\u00f1a a los ni\u00f1os a reconocer los trucos de los estafadores y aprender la importancia de<\/p>\n","protected":false},"author":2706,"featured_media":29697,"parent":0,"menu_order":0,"comment_status":"closed","ping_status":"closed","template":"templates\/legacy-page.php","meta":{"_acf_changed":false,"footnotes":""},"categories":[],"class_list":["post-29669","page","type-page","status-publish","has-post-thumbnail"],"hreflang":[{"hreflang":"es","url":"https:\/\/www.kaspersky.es\/blog\/cybersecurity-alphabet\/"},{"hreflang":"es-mx","url":"https:\/\/latam.kaspersky.com\/blog\/cybersecurity-alphabet\/"},{"hreflang":"it","url":"https:\/\/www.kaspersky.it\/blog\/cybersecurity-alphabet\/"},{"hreflang":"ru","url":"https:\/\/www.kaspersky.ru\/blog\/cybersecurity-alphabet\/"},{"hreflang":"x-default","url":"https:\/\/www.kaspersky.com\/blog\/cybersecurity-alphabet\/"},{"hreflang":"fr","url":"https:\/\/www.kaspersky.fr\/blog\/cybersecurity-alphabet\/"},{"hreflang":"pt-br","url":"https:\/\/www.kaspersky.com.br\/blog\/cybersecurity-alphabet\/"},{"hreflang":"de","url":"https:\/\/www.kaspersky.de\/blog\/cybersecurity-alphabet\/"},{"hreflang":"ja","url":"https:\/\/blog.kaspersky.co.jp\/cybersecurity-alphabet\/"},{"hreflang":"nl","url":"https:\/\/www.kaspersky.nl\/blog\/cybersecurity-alphabet\/"},{"hreflang":"ru-kz","url":"https:\/\/blog.kaspersky.kz\/cybersecurity-alphabet\/"}],"acf":[],"banners":"","is_landing":true,"_links":{"self":[{"href":"https:\/\/www.kaspersky.es\/blog\/wp-json\/wp\/v2\/pages\/29669","targetHints":{"allow":["GET"]}}],"collection":[{"href":"https:\/\/www.kaspersky.es\/blog\/wp-json\/wp\/v2\/pages"}],"about":[{"href":"https:\/\/www.kaspersky.es\/blog\/wp-json\/wp\/v2\/types\/page"}],"author":[{"embeddable":true,"href":"https:\/\/www.kaspersky.es\/blog\/wp-json\/wp\/v2\/users\/2706"}],"replies":[{"embeddable":true,"href":"https:\/\/www.kaspersky.es\/blog\/wp-json\/wp\/v2\/comments?post=29669"}],"version-history":[{"count":8,"href":"https:\/\/www.kaspersky.es\/blog\/wp-json\/wp\/v2\/pages\/29669\/revisions"}],"predecessor-version":[{"id":31531,"href":"https:\/\/www.kaspersky.es\/blog\/wp-json\/wp\/v2\/pages\/29669\/revisions\/31531"}],"wp:featuredmedia":[{"embeddable":true,"href":"https:\/\/www.kaspersky.es\/blog\/wp-json\/wp\/v2\/media\/29697"}],"wp:attachment":[{"href":"https:\/\/www.kaspersky.es\/blog\/wp-json\/wp\/v2\/media?parent=29669"}],"wp:term":[{"taxonomy":"category","embeddable":true,"href":"https:\/\/www.kaspersky.es\/blog\/wp-json\/wp\/v2\/categories?post=29669"}],"curies":[{"name":"wp","href":"https:\/\/api.w.org\/{rel}","templated":true}]}}